
{"id":876,"date":"2023-05-29T22:20:59","date_gmt":"2023-05-29T20:20:59","guid":{"rendered":"https:\/\/przedszkole148.edu.wroclaw.pl\/?page_id=876"},"modified":"2026-01-05T11:47:49","modified_gmt":"2026-01-05T10:47:49","slug":"do-pobrania","status":"publish","type":"page","link":"https:\/\/przedszkole148.edu.wroclaw.pl\/index.php\/do-pobrania\/","title":{"rendered":"Dokumenty"},"content":{"rendered":"<div class=\"wpb-content-wrapper\"><p>[vc_row][vc_column][vc_column_text css=&#8221;&#8221;]<a href=\"https:\/\/przedszkole148.edu.wroclaw.pl\/wp-content\/uploads\/sites\/68\/2026\/01\/STATUT.pdf\">STATUT<\/a><\/p>\n<p><a href=\"https:\/\/przedszkole148.edu.wroclaw.pl\/wp-content\/uploads\/sites\/68\/2025\/09\/REGULAMIN-KORZYSTANIA-Z-WYZYWIENIA-od-01.08.2025.pdf\">Regulamin korzystania z wy\u017cywienia<\/a><\/p>\n<p><a href=\"https:\/\/przedszkole148.edu.wroclaw.pl\/wp-content\/uploads\/sites\/68\/2023\/10\/Procedura-postepowania-z-dzieckiem-chorym-na-cukrzyce.pdf\">Procedura post\u0119powania z dzieckiem chorym na cukrzyce<\/a><\/p>\n<p><a href=\"https:\/\/przedszkole148.edu.wroclaw.pl\/wp-content\/uploads\/sites\/68\/2023\/10\/Procedury-bezpieczenstwa-w-Przedszkolu-nr-148.pdf\">Procedury bezpiecze\u0144stwa w Przedszkolu nr 148<\/a><\/p>\n<p><a href=\"https:\/\/przedszkole148.edu.wroclaw.pl\/wp-content\/uploads\/sites\/68\/2024\/02\/Standardy-Ochrony-dzieci-w-Przedszkolu-nr-148-Wroclaw.pdf\">Standardy Ochrony dzieci w Przedszkolu nr 148 Wroc\u0142aw<\/a><\/p>\n<p><a href=\"https:\/\/przedszkole148.edu.wroclaw.pl\/wp-content\/uploads\/sites\/68\/2024\/08\/Uchwalla-RM-LVII.1513.22.pdf\">Uchwa\u0142a-RM-LVII.1513.22<\/a>[\/vc_column_text][\/vc_column][\/vc_row]<\/p>\n<\/div>","protected":false},"excerpt":{"rendered":"<p>[vc_row][vc_column][vc_column_text css=&#8221;&#8221;]STATUT Regulamin korzystania z wy\u017cywienia Procedura post\u0119powania z dzieckiem chorym na cukrzyce Procedury bezpiecze\u0144stwa w Przedszkolu nr 148 Standardy Ochrony dzieci w Przedszkolu nr 148 Wroc\u0142aw Uchwa\u0142a-RM-LVII.1513.22[\/vc_column_text][\/vc_column][\/vc_row]<\/p>\n","protected":false},"author":263,"featured_media":0,"parent":0,"menu_order":0,"comment_status":"closed","ping_status":"closed","template":"","meta":{"ngg_post_thumbnail":0,"footnotes":""},"class_list":["post-876","page","type-page","status-publish","hentry","clearfix"],"_links":{"self":[{"href":"https:\/\/przedszkole148.edu.wroclaw.pl\/index.php\/wp-json\/wp\/v2\/pages\/876","targetHints":{"allow":["GET"]}}],"collection":[{"href":"https:\/\/przedszkole148.edu.wroclaw.pl\/index.php\/wp-json\/wp\/v2\/pages"}],"about":[{"href":"https:\/\/przedszkole148.edu.wroclaw.pl\/index.php\/wp-json\/wp\/v2\/types\/page"}],"author":[{"embeddable":true,"href":"https:\/\/przedszkole148.edu.wroclaw.pl\/index.php\/wp-json\/wp\/v2\/users\/263"}],"replies":[{"embeddable":true,"href":"https:\/\/przedszkole148.edu.wroclaw.pl\/index.php\/wp-json\/wp\/v2\/comments?post=876"}],"version-history":[{"count":12,"href":"https:\/\/przedszkole148.edu.wroclaw.pl\/index.php\/wp-json\/wp\/v2\/pages\/876\/revisions"}],"predecessor-version":[{"id":2423,"href":"https:\/\/przedszkole148.edu.wroclaw.pl\/index.php\/wp-json\/wp\/v2\/pages\/876\/revisions\/2423"}],"wp:attachment":[{"href":"https:\/\/przedszkole148.edu.wroclaw.pl\/index.php\/wp-json\/wp\/v2\/media?parent=876"}],"curies":[{"name":"wp","href":"https:\/\/api.w.org\/{rel}","templated":true}]}}