
{"id":795,"date":"2023-03-19T18:47:01","date_gmt":"2023-03-19T17:47:01","guid":{"rendered":"https:\/\/przedszkole148.edu.wroclaw.pl\/?page_id=795"},"modified":"2025-09-12T12:06:10","modified_gmt":"2025-09-12T10:06:10","slug":"oplaty","status":"publish","type":"page","link":"https:\/\/przedszkole148.edu.wroclaw.pl\/index.php\/oplaty\/","title":{"rendered":"Op\u0142aty"},"content":{"rendered":"<div class=\"wpb-content-wrapper\"><p>[vc_row][vc_column][vc_column_text css=&#8221;&#8221;]<\/p>\n<div><a href=\"https:\/\/przedszkole148.edu.wroclaw.pl\/wp-content\/uploads\/sites\/68\/2023\/07\/Uchwala-Rady-Miejskiej-z-dnia-06-czerwca-2024.pdf\">Uchwa\u0142a Rady Miejskiej z dnia 06 czerwca 2024<\/a> \u00a0w sprawie ustalenia czasu bezp\u0142atnego nauczania, wychowania i opieki oraz wysoko\u015bci op\u0142aty za korzystanie z wychowania przedszkolnego w publicznych przedszkolach i oddzia\u0142ach przedszkolnych w publicznych szko\u0142ach podstawowych prowadzonych przez gmin\u0119<\/div>\n<div><\/div>\n<div>\n<p>Op\u0142ata za \u017cywienie wynosi <strong>16,00 z\u0142<\/strong> (wsad do kot\u0142a) za dzie\u0144.\u00a0 Firma cateringowa kt\u00f3ra wygra\u0142a przetarg na dostarczanie posi\u0142k\u00f3w do naszego przedszkola, to firma\u00a0<b>Rettman.<\/b><\/p>\n<p>Op\u0142ata sta\u0142a za godzin\u0119 pobytu dziecka w przedszkolu poza czasem bezp\u0142atnych zaj\u0119\u0107 wynosi 1,44 z\u0142 naliczane za ka\u017cd\u0105 rozpocz\u0119t\u0105 godzin\u0119.<\/p>\n<p>Nale\u017cno\u015b\u0107 za przedszkole nale\u017cy wp\u0142aci\u0107 \u00a0do\u00a015 dnia\u00a0nast\u0119pnego miesi\u0105ca na indywidualny numer konta\u00a0widoczny po rozliczeniu miesi\u0105ca.<br \/>\nInformacja o wysoko\u015bci \u00a0nale\u017cno\u015bci wysy\u0142ana jest na e-maila podanego przez rodzica\/opiekuna prawnego.<\/p>\n<\/div>\n<p>[\/vc_column_text][\/vc_column][\/vc_row]<\/p>\n<\/div>","protected":false},"excerpt":{"rendered":"<p>[vc_row][vc_column][vc_column_text css=&#8221;&#8221;] Uchwa\u0142a Rady Miejskiej z dnia 06 czerwca 2024 \u00a0w sprawie ustalenia czasu bezp\u0142atnego nauczania, wychowania i opieki oraz wysoko\u015bci op\u0142aty za korzystanie z wychowania przedszkolnego w publicznych przedszkolach [&hellip;]<\/p>\n","protected":false},"author":263,"featured_media":0,"parent":0,"menu_order":0,"comment_status":"closed","ping_status":"closed","template":"","meta":{"ngg_post_thumbnail":0,"footnotes":""},"class_list":["post-795","page","type-page","status-publish","hentry","clearfix"],"_links":{"self":[{"href":"https:\/\/przedszkole148.edu.wroclaw.pl\/index.php\/wp-json\/wp\/v2\/pages\/795","targetHints":{"allow":["GET"]}}],"collection":[{"href":"https:\/\/przedszkole148.edu.wroclaw.pl\/index.php\/wp-json\/wp\/v2\/pages"}],"about":[{"href":"https:\/\/przedszkole148.edu.wroclaw.pl\/index.php\/wp-json\/wp\/v2\/types\/page"}],"author":[{"embeddable":true,"href":"https:\/\/przedszkole148.edu.wroclaw.pl\/index.php\/wp-json\/wp\/v2\/users\/263"}],"replies":[{"embeddable":true,"href":"https:\/\/przedszkole148.edu.wroclaw.pl\/index.php\/wp-json\/wp\/v2\/comments?post=795"}],"version-history":[{"count":9,"href":"https:\/\/przedszkole148.edu.wroclaw.pl\/index.php\/wp-json\/wp\/v2\/pages\/795\/revisions"}],"predecessor-version":[{"id":2010,"href":"https:\/\/przedszkole148.edu.wroclaw.pl\/index.php\/wp-json\/wp\/v2\/pages\/795\/revisions\/2010"}],"wp:attachment":[{"href":"https:\/\/przedszkole148.edu.wroclaw.pl\/index.php\/wp-json\/wp\/v2\/media?parent=795"}],"curies":[{"name":"wp","href":"https:\/\/api.w.org\/{rel}","templated":true}]}}