
{"id":631,"date":"2023-02-12T17:05:25","date_gmt":"2023-02-12T16:05:25","guid":{"rendered":"https:\/\/przedszkole148.edu.wroclaw.pl\/?page_id=631"},"modified":"2024-03-29T10:34:35","modified_gmt":"2024-03-29T09:34:35","slug":"zamowienia-publiczne","status":"publish","type":"page","link":"https:\/\/przedszkole148.edu.wroclaw.pl\/index.php\/zamowienia-publiczne\/","title":{"rendered":"Zam\u00f3wienia publiczne"},"content":{"rendered":"<p><a href=\"https:\/\/przedszkole148.edu.wroclaw.pl\/wp-content\/uploads\/sites\/68\/2024\/01\/Plan-udzielania-zamowien-publicznych-na-2024-r.pdf\">Plan udzielania zam\u00f3wie\u0144 publicznych na 2024 r<\/a><\/p>\n<p>E-Zam\u00f3wienia &#8211; wszystkie dokumenty dotycz\u0105ce zam\u00f3wienia znajduj\u0105 si\u0119 w poni\u017cszym linku:<\/p>\n<p><a href=\"https:\/\/ezamowienia.gov.pl\/mp-client\/search\/list\/ocds-148610-154c8ada-b822-11ed-b8d9-2a18c1f2976f\">https:\/\/ezamowienia.gov.pl\/mp-client\/search\/list\/ocds-148610-154c8ada-b822-11ed-b8d9-2a18c1f2976f<\/a><\/p>\n<p><a href=\"https:\/\/przedszkole148.edu.wroclaw.pl\/wp-content\/uploads\/sites\/68\/2024\/03\/Rozstrzygniecie-przetargu.pdf\">Rozstrzygni\u0119cie przetargu<\/a><\/p>\n","protected":false},"excerpt":{"rendered":"<p>Plan udzielania zam\u00f3wie\u0144 publicznych na 2024 r E-Zam\u00f3wienia &#8211; wszystkie dokumenty dotycz\u0105ce zam\u00f3wienia znajduj\u0105 si\u0119 w poni\u017cszym linku: https:\/\/ezamowienia.gov.pl\/mp-client\/search\/list\/ocds-148610-154c8ada-b822-11ed-b8d9-2a18c1f2976f Rozstrzygni\u0119cie przetargu<\/p>\n","protected":false},"author":263,"featured_media":0,"parent":0,"menu_order":0,"comment_status":"closed","ping_status":"closed","template":"","meta":{"ngg_post_thumbnail":0,"footnotes":""},"class_list":["post-631","page","type-page","status-publish","hentry","clearfix"],"_links":{"self":[{"href":"https:\/\/przedszkole148.edu.wroclaw.pl\/index.php\/wp-json\/wp\/v2\/pages\/631","targetHints":{"allow":["GET"]}}],"collection":[{"href":"https:\/\/przedszkole148.edu.wroclaw.pl\/index.php\/wp-json\/wp\/v2\/pages"}],"about":[{"href":"https:\/\/przedszkole148.edu.wroclaw.pl\/index.php\/wp-json\/wp\/v2\/types\/page"}],"author":[{"embeddable":true,"href":"https:\/\/przedszkole148.edu.wroclaw.pl\/index.php\/wp-json\/wp\/v2\/users\/263"}],"replies":[{"embeddable":true,"href":"https:\/\/przedszkole148.edu.wroclaw.pl\/index.php\/wp-json\/wp\/v2\/comments?post=631"}],"version-history":[{"count":11,"href":"https:\/\/przedszkole148.edu.wroclaw.pl\/index.php\/wp-json\/wp\/v2\/pages\/631\/revisions"}],"predecessor-version":[{"id":1363,"href":"https:\/\/przedszkole148.edu.wroclaw.pl\/index.php\/wp-json\/wp\/v2\/pages\/631\/revisions\/1363"}],"wp:attachment":[{"href":"https:\/\/przedszkole148.edu.wroclaw.pl\/index.php\/wp-json\/wp\/v2\/media?parent=631"}],"curies":[{"name":"wp","href":"https:\/\/api.w.org\/{rel}","templated":true}]}}