
{"id":2065,"date":"2025-10-03T11:39:06","date_gmt":"2025-10-03T09:39:06","guid":{"rendered":"https:\/\/przedszkole148.edu.wroclaw.pl\/?page_id=2065"},"modified":"2025-10-03T15:08:10","modified_gmt":"2025-10-03T13:08:10","slug":"ubezpieczenie","status":"publish","type":"page","link":"https:\/\/przedszkole148.edu.wroclaw.pl\/index.php\/ubezpieczenie\/","title":{"rendered":"Ubezpieczenie"},"content":{"rendered":"<p style=\"text-align: center\">Ubezpieczenie NNW w roku szkolnym 2025\/2026<br \/>\nZapraszamy do zapoznania si\u0119 z ofert\u0105 ubezpieczenia NNW dla dzieci z firmy Signal Iduna.<\/p>\n<p style=\"text-align: center\">Dost\u0119pne s\u0105 dla naszego przedszkola a\u017c 7 wariant\u00f3w polisy.<br \/>\nZakupu oraz op\u0142aty polisy dokonujemy indywidualnie na dedykowanej stronie www.<\/p>\n<p style=\"text-align: center\"><a href=\"https:\/\/w3.signal-iduna.pl\/e-policy\/pl\/nnwmajatek\/link?rauNbr=11679252\/P&amp;polNbr=388835\">https:\/\/w3.signal-iduna.pl\/e-policy\/pl\/nnwmajatek\/link?rauNbr=11679252\/P&amp;polNbr=388835<\/a><br \/>\n<strong>Termin wykupienia polisy: do 15 pa\u017adziernika.<\/strong><\/p>\n<p>&nbsp;<\/p>\n","protected":false},"excerpt":{"rendered":"<p>Ubezpieczenie NNW w roku szkolnym 2025\/2026 Zapraszamy do zapoznania si\u0119 z ofert\u0105 ubezpieczenia NNW dla dzieci z firmy Signal Iduna. Dost\u0119pne s\u0105 dla naszego przedszkola a\u017c 7 wariant\u00f3w polisy. Zakupu [&hellip;]<\/p>\n","protected":false},"author":7,"featured_media":0,"parent":0,"menu_order":0,"comment_status":"closed","ping_status":"closed","template":"","meta":{"ngg_post_thumbnail":0,"footnotes":""},"class_list":["post-2065","page","type-page","status-publish","hentry","clearfix"],"_links":{"self":[{"href":"https:\/\/przedszkole148.edu.wroclaw.pl\/index.php\/wp-json\/wp\/v2\/pages\/2065","targetHints":{"allow":["GET"]}}],"collection":[{"href":"https:\/\/przedszkole148.edu.wroclaw.pl\/index.php\/wp-json\/wp\/v2\/pages"}],"about":[{"href":"https:\/\/przedszkole148.edu.wroclaw.pl\/index.php\/wp-json\/wp\/v2\/types\/page"}],"author":[{"embeddable":true,"href":"https:\/\/przedszkole148.edu.wroclaw.pl\/index.php\/wp-json\/wp\/v2\/users\/7"}],"replies":[{"embeddable":true,"href":"https:\/\/przedszkole148.edu.wroclaw.pl\/index.php\/wp-json\/wp\/v2\/comments?post=2065"}],"version-history":[{"count":4,"href":"https:\/\/przedszkole148.edu.wroclaw.pl\/index.php\/wp-json\/wp\/v2\/pages\/2065\/revisions"}],"predecessor-version":[{"id":2070,"href":"https:\/\/przedszkole148.edu.wroclaw.pl\/index.php\/wp-json\/wp\/v2\/pages\/2065\/revisions\/2070"}],"wp:attachment":[{"href":"https:\/\/przedszkole148.edu.wroclaw.pl\/index.php\/wp-json\/wp\/v2\/media?parent=2065"}],"curies":[{"name":"wp","href":"https:\/\/api.w.org\/{rel}","templated":true}]}}