
{"id":185,"date":"2021-12-02T12:43:18","date_gmt":"2021-12-02T11:43:18","guid":{"rendered":"https:\/\/przedszkole148.edu.wroclaw.pl\/?page_id=185"},"modified":"2026-01-16T14:03:18","modified_gmt":"2026-01-16T13:03:18","slug":"deklaracja-dostepnosci","status":"publish","type":"page","link":"https:\/\/przedszkole148.edu.wroclaw.pl\/index.php\/deklaracja-dostepnosci\/","title":{"rendered":"Deklaracja dost\u0119pno\u015bci"},"content":{"rendered":"<h1 id=\"a11y-deklaracja\"><span style=\"color: #185694\"><strong><span style=\"font-size: 36pt\">Deklaracja dost\u0119pno\u015bci przedszkola nr 148<\/span><\/strong><\/span><\/h1>\n<p id=\"a11y-wstep\"><span style=\"font-size: 14pt\"><span id=\"a11y-podmiot\">Przedszkole nr 148 we Wroc\u0142awiu<\/span> zobowi\u0105zuje si\u0119 zapewni\u0107 dost\u0119pno\u015b\u0107 swojej strony internetowej zgodnie z przepisami ustawy z dnia 4\u00a0kwietnia 2019\u00a0r. o\u00a0dost\u0119pno\u015bci cyfrowej stron internetowych i\u00a0aplikacji mobilnych podmiot\u00f3w publicznych. O\u015bwiadczenie w sprawie dost\u0119pno\u015bci ma zastosowanie do strony internetowej <a id=\"a11y-url\" href=\"https:\/\/przedszkole148.edu.wroclaw.pl\">Przedszkola nr 148<\/a>.<\/span><\/p>\n<ul>\n<li><span style=\"font-size: 14pt\"><span style=\"font-size: 14pt\">Data publikacji strony internetowej: <time id=\"a11y-data-publikacja\" datetime=\"2021-10-01\">2020-01-04<\/time><\/span><\/span><\/li>\n<li><span style=\"font-size: 14pt\"><span style=\"font-size: 14pt\">Data ostatniej istotnej aktualizacji: <time id=\"a11y-data-aktualizacja\" datetime=\"2021-10-01\">2025-03-25<\/time><\/span><\/span><\/li>\n<\/ul>\n<h2><span style=\"color: #185694\"><strong><span style=\"font-size: 24pt\">Status pod wzgl\u0119dem zgodno\u015bci z ustaw\u0105<\/span><\/strong><\/span><\/h2>\n<p><span style=\"font-size: 14pt\">Strona internetowa jest <strong id=\"a11y-status\">cz\u0119\u015bciowo zgodna<\/strong> z\u00a0ustaw\u0105 o\u00a0dost\u0119pno\u015bci cyfrowej stron internetowych i\u00a0aplikacji mobilnych podmiot\u00f3w publicznych z powodu niezgodno\u015bci lub wy\u0142\u0105cze\u0144 wymienionych poni\u017cej.<\/span><\/p>\n<h3><span style=\"color: #185694\"><strong><span style=\"font-size: 18pt\">Tre\u015bci niedost\u0119pne<\/span><\/strong><\/span><\/h3>\n<ul>\n<li>cz\u0119\u015b\u0107 zamieszczonych na\u00a0stronie plik\u00f3w nie\u00a0jest dost\u0119pnych cyfrowo<\/li>\n<li>opublikowane zdj\u0119cia i\u00a0grafiki nie\u00a0posiadaj\u0105 opisu alternatywnego,<\/li>\n<li>brak audiodeskrypcji dla materia\u0142\u00f3w multimedialnych<\/li>\n<li>niekt\u00f3re informacje przedstawiono jedynie w\u00a0formie graficznej,<\/li>\n<li>niekt\u00f3re tre\u015bci zosta\u0142y opublikowane z\u00a0grafikami, kt\u00f3re zawieraj\u0105 tekst,<\/li>\n<li>cz\u0119\u015b\u0107 dokument\u00f3w nie\u00a0posiada prawid\u0142owo wyedytowanej warstwy tekstowej zgodnej z\u00a0zasadami formatowania tekstu z\u00a0zakresu \u201edobrych praktyk redaktorskich\u201d (wielkie litery, kolorowe czcionki, zbyt ma\u0142y kontrast);<\/li>\n<li>niekt\u00f3re funkcjonalno\u015bci posiadaj\u0105 drobne b\u0142\u0119dy programistyczne, na obecn\u0105 chwil\u0119, niemo\u017cliwe do poprawy bez zewn\u0119trznej ingerencji programistycznej<\/li>\n<\/ul>\n<h3><span style=\"font-size: 18pt\"><strong><span style=\"color: #185694\">Powody wy\u0142\u0105czenia<\/span><br \/>\n<\/strong><\/span><\/h3>\n<ul>\n<li>wi\u0119kszo\u015b\u0107 materia\u0142\u00f3w zosta\u0142a opublikowana przed\u00a0wej\u015bciem w\u00a0\u017cycie Ustawy o\u00a0dost\u0119pno\u015bci cyfrowej stron internetowych i\u00a0aplikacji mobilnych podmiot\u00f3w publicznych,<\/li>\n<li>struktura niekt\u00f3rych dokument\u00f3w nie\u00a0daje mo\u017cliwo\u015bci\u00a0ingerencji w\u00a0tre\u015b\u0107,<\/li>\n<\/ul>\n<p><strong>Wymienione powy\u017cej elementy niedost\u0119pne i\u00a0ich poprawienie, poza wymienionymi powodami, nios\u0142yby za\u00a0sob\u0105 nadmierne obci\u0105\u017cenia dla\u00a0<\/strong>Przedszkola Publicznego nr\u00a0148 we\u00a0Wroc\u0142awiu.\u00a0Przedszkole jednak deklaruje si\u0119 sukcesywnie wprowadza\u0107 najistotniejsze udogodnienia.<\/p>\n<p>Dotychczas wprowadzono szereg poprawek maj\u0105cych na celu polepszenie funkcjonalno\u015bci strony oraz zainstalowano narz\u0119dzia u\u0142atwie\u0144 dost\u0119pu.<\/p>\n<h3><span style=\"color: #007e9e\"><strong><span style=\"font-size: 18pt\"><span style=\"color: #185694\">Data sporz\u0105dzenia deklaracji i metoda oceny dost\u0119pno\u015bci cyfrowej<\/span><br \/>\n<\/span><\/strong><\/span><\/h3>\n<ul>\n<li><span style=\"font-size: 14pt\"><span style=\"font-size: 14pt\">Deklaracj\u0119 sporz\u0105dzono dnia: <time id=\"a11y-data-sporzadzenie\" datetime=\"2020-12-03\">2020-09-03<\/time><\/span><\/span><time id=\"a11y-data-deklaracja-przeglad\" datetime=\"2021-03-09\"><\/time><\/li>\n<li><span style=\"font-size: 14pt\">Deklaracj\u0119 sporz\u0105dzono na podstawie samooceny przeprowadzonej przez podmiot publiczny.<\/span><\/li>\n<li><span style=\"font-size: 14pt\">Data aktualizacji O\u015bwiadczenia:\u00a02025-03-25<\/span><\/li>\n<\/ul>\n<h2 id=\"a11y-kontakt\"><span style=\"color: #185694\"><strong><span style=\"font-size: 24pt\">Informacje zwrotne i dane kontaktowe<\/span><\/strong><\/span><\/h2>\n<ul>\n<li><span style=\"font-size: 14pt\">Za rozpatrywanie uwag i wniosk\u00f3w odpowiada: Anna de Ostoja Starzewska<br \/>\n<\/span><\/li>\n<li><span style=\"font-size: 14pt\">E-mail: sekretariat.p148@wroclawskaedukacja.pl<br \/>\n<\/span><\/li>\n<li><span style=\"font-size: 14pt\">Telefon: 71 79 86 772<br \/>\n<\/span><\/li>\n<\/ul>\n<p id=\"a11y-procedura\"><span style=\"font-size: 14pt\">Ka\u017cdy ma prawo:<\/span><\/p>\n<ul>\n<li><span style=\"font-size: 14pt\">zg\u0142osi\u0107 uwagi dotycz\u0105ce dost\u0119pno\u015bci cyfrowej strony lub jej elementu,<\/span><\/li>\n<li><span style=\"font-size: 14pt\">zg\u0142osi\u0107 \u017c\u0105danie zapewnienia dost\u0119pno\u015bci cyfrowej strony lub jej elementu,<\/span><\/li>\n<li><span style=\"font-size: 14pt\">wnioskowa\u0107 o udost\u0119pnienie niedost\u0119pnej informacji w innej alternatywnej formie.<\/span><\/li>\n<\/ul>\n<p><span style=\"font-size: 14pt\">\u017b\u0105danie musi zawiera\u0107:<\/span><\/p>\n<ul>\n<li><span style=\"font-size: 14pt\">dane kontaktowe osoby zg\u0142aszaj\u0105cej,<\/span><\/li>\n<li><span style=\"font-size: 14pt\">wskazanie strony lub elementu strony, kt\u00f3rej dotyczy \u017c\u0105danie,<\/span><\/li>\n<li><span style=\"font-size: 14pt\">wskazanie dogodnej formy udost\u0119pnienia informacji, je\u015bli \u017c\u0105danie dotyczy udost\u0119pnienia w formie alternatywnej informacji niedost\u0119pnej.<\/span><\/li>\n<\/ul>\n<p><span style=\"font-size: 14pt\">Rozpatrzenie zg\u0142oszenia powinno nast\u0105pi\u0107 niezw\u0142ocznie, najp\u00f3\u017aniej w ci\u0105gu 7 dni. Je\u015bli w tym terminie zapewnienie dost\u0119pno\u015bci albo zapewnienie dost\u0119pu w alternatywnej formie nie jest mo\u017cliwe, powinno nast\u0105pi\u0107 najdalej w ci\u0105gu 2 miesi\u0119cy od daty zg\u0142oszenia.<\/span><\/p>\n<h3><span style=\"color: #185694\"><strong><span style=\"font-size: 18pt\">Skargi i odwo\u0142ania<\/span><\/strong><\/span><\/h3>\n<p><span style=\"font-size: 14pt\">Na niedotrzymanie tych termin\u00f3w oraz na odmow\u0119 realizacji \u017c\u0105dania mo\u017cna z\u0142o\u017cy\u0107 skarg\u0119 do organu nadzoruj\u0105cego poczt\u0105 lub drog\u0105 elektroniczn\u0105 na adres:<\/span><\/p>\n<ul>\n<li><span style=\"font-size: 14pt\">Organ nadzoruj\u0105cy: Dyrektor Przedszkola nr 148 we Wroc\u0142awiu<\/span><\/li>\n<li><span style=\"font-size: 14pt\">Adres: ul. Szkocka 64B <\/span><span style=\"font-size: 14pt\">54-402 Wroc\u0142aw<\/span><\/li>\n<li><span style=\"font-size: 14pt\">E-mail: sekretariat.p148@wroclawskaedukacja.pl<br \/>\n<\/span><\/li>\n<li><span style=\"font-size: 14pt\">Telefon: <span id=\"a11y-telefon\">71 798 67 72<br \/>\n<\/span><\/span><\/li>\n<\/ul>\n<p><span style=\"font-size: 14pt\">Skarg\u0119 mo\u017cna z\u0142o\u017cy\u0107 r\u00f3wnie\u017c do <a href=\"https:\/\/www.rpo.gov.pl\/content\/jak-zglosic-sie-do-rzecznika-praw-obywatelskich\">Rzecznika Praw Obywatelskich<\/a>.<\/span><\/p>\n<h2 id=\"a11y-architektura\"><span style=\"color: #185694\"><strong><span style=\"font-size: 24pt\">Dost\u0119pno\u015b\u0107 architektoniczna<\/span><\/strong><\/span><\/h2>\n<p>Budynek Przedszkola nr 148 we Wroc\u0142awiu znajduje si\u0119 przy ulicy Rogowskiej 18A, 54-440 Wroc\u0142aw.<\/p>\n<p>W\u00a0obr\u0119bie 200 \u2013 270 metr\u00f3w znajduj\u0105 si\u0119 dwa przystanki autobusowe komunikacji miejskiej. W\u00a0odleg\u0142o\u015bci 550 metr\u00f3w znajduje si\u0119 stacja kolejowa Wroc\u0142aw Nowy Dw\u00f3r. Na\u00a0terenie przedszkola brak parkingu dla interesant\u00f3w, natomiast przed\u00a0przedszkolem jest parking osiedlowy, na\u00a0kt\u00f3rym\u00a0s\u0105 wyznaczone dwa miejsca parkingowe dla os\u00f3b z\u00a0niepe\u0142nosprawno\u015bci\u0105.<\/p>\n<p>Budynek przedszkola jest parterowy, cz\u0119\u015bciowo podpiwniczony. Obs\u0142uga interesant\u00f3w oraz\u00a0dzieci odbywa si\u0119 na\u00a0parterze. Do\u00a0wej\u015bcia g\u0142\u00f3wnego prowadz\u0105 szerokie schody z\u00a0zamontowan\u0105 obustronn\u0105 por\u0119cz\u0105, brak podjazdu.<\/p>\n<p><img loading=\"lazy\" decoding=\"async\" class=\"alignnone size-full wp-image-189\" src=\"https:\/\/przedszkole148.edu.wroclaw.pl\/wp-content\/uploads\/sites\/68\/2021\/12\/IMG-20210409-WA0015-225x300-1.jpg\" alt=\"Budynek przedszkola\" width=\"225\" height=\"300\" \/><\/p>\n<h3><strong><a href=\"https:\/\/przedszkole148.edu.wroclaw.pl\/wp-content\/uploads\/sites\/68\/2026\/01\/Raport-o-stanie-dostepnosci-podmiotu-publicznego.pdf\">Raport o stanie dost\u0119pno\u015bci podmiotu publicznego<\/a> \u2013 <\/strong>kliknij w\u00a0napis<\/h3>\n<h3><span style=\"color: #185694\"><strong><span style=\"font-size: 18pt\">Udogodnienia<\/span><\/strong><\/span><\/h3>\n<ul>\n<li><span style=\"font-size: 14pt\">Domy\u015ble skr\u00f3ty klawiszowe przegl\u0105darek internetowych<\/span><\/li>\n<li><span style=\"font-size: 14pt\">Prze\u0142\u0105cznik kontrastowy<\/span><\/li>\n<\/ul>\n","protected":false},"excerpt":{"rendered":"<p>Deklaracja dost\u0119pno\u015bci przedszkola nr 148 Przedszkole nr 148 we Wroc\u0142awiu zobowi\u0105zuje si\u0119 zapewni\u0107 dost\u0119pno\u015b\u0107 swojej strony internetowej zgodnie z przepisami ustawy z dnia 4\u00a0kwietnia 2019\u00a0r. o\u00a0dost\u0119pno\u015bci cyfrowej stron internetowych i\u00a0aplikacji [&hellip;]<\/p>\n","protected":false},"author":7,"featured_media":0,"parent":0,"menu_order":0,"comment_status":"closed","ping_status":"closed","template":"","meta":{"ngg_post_thumbnail":0,"footnotes":""},"class_list":["post-185","page","type-page","status-publish","hentry","clearfix"],"_links":{"self":[{"href":"https:\/\/przedszkole148.edu.wroclaw.pl\/index.php\/wp-json\/wp\/v2\/pages\/185","targetHints":{"allow":["GET"]}}],"collection":[{"href":"https:\/\/przedszkole148.edu.wroclaw.pl\/index.php\/wp-json\/wp\/v2\/pages"}],"about":[{"href":"https:\/\/przedszkole148.edu.wroclaw.pl\/index.php\/wp-json\/wp\/v2\/types\/page"}],"author":[{"embeddable":true,"href":"https:\/\/przedszkole148.edu.wroclaw.pl\/index.php\/wp-json\/wp\/v2\/users\/7"}],"replies":[{"embeddable":true,"href":"https:\/\/przedszkole148.edu.wroclaw.pl\/index.php\/wp-json\/wp\/v2\/comments?post=185"}],"version-history":[{"count":9,"href":"https:\/\/przedszkole148.edu.wroclaw.pl\/index.php\/wp-json\/wp\/v2\/pages\/185\/revisions"}],"predecessor-version":[{"id":2456,"href":"https:\/\/przedszkole148.edu.wroclaw.pl\/index.php\/wp-json\/wp\/v2\/pages\/185\/revisions\/2456"}],"wp:attachment":[{"href":"https:\/\/przedszkole148.edu.wroclaw.pl\/index.php\/wp-json\/wp\/v2\/media?parent=185"}],"curies":[{"name":"wp","href":"https:\/\/api.w.org\/{rel}","templated":true}]}}