
{"id":104,"date":"2021-11-30T10:54:35","date_gmt":"2021-11-30T09:54:35","guid":{"rendered":"https:\/\/przedszkole148.edu.wroclaw.pl\/?page_id=104"},"modified":"2025-09-14T11:26:09","modified_gmt":"2025-09-14T09:26:09","slug":"rada-rodzicow","status":"publish","type":"page","link":"https:\/\/przedszkole148.edu.wroclaw.pl\/index.php\/rada-rodzicow\/","title":{"rendered":"Rada rodzic\u00f3w"},"content":{"rendered":"<div class=\"wpb-content-wrapper\"><p>[vc_row][vc_column][vc_column_text css=&#8221;&#8221;]<\/p>\n<p style=\"text-align: left\"><strong data-wp-editing=\"1\"><img loading=\"lazy\" decoding=\"async\" class=\"wp-image-1000 alignright\" src=\"https:\/\/przedszkole148.edu.wroclaw.pl\/wp-content\/uploads\/sites\/68\/2023\/09\/3.jpg\" alt=\"\" width=\"347\" height=\"231\" srcset=\"https:\/\/przedszkole148.edu.wroclaw.pl\/wp-content\/uploads\/sites\/68\/2023\/09\/3.jpg 960w, https:\/\/przedszkole148.edu.wroclaw.pl\/wp-content\/uploads\/sites\/68\/2023\/09\/3-300x200.jpg 300w, https:\/\/przedszkole148.edu.wroclaw.pl\/wp-content\/uploads\/sites\/68\/2023\/09\/3-768x513.jpg 768w, https:\/\/przedszkole148.edu.wroclaw.pl\/wp-content\/uploads\/sites\/68\/2023\/09\/3-600x401.jpg 600w\" sizes=\"auto, (max-width: 347px) 100vw, 347px\" \/>Szanowni Pa\u0144stwo, Drodzy Rodzice!<\/strong><\/p>\n<p><strong>SK\u0141ADKA z TYTU\u0141U RADY RODZIC\u00d3W<\/strong> \u00a0w roku szkolnym 2025\/2026 wynosi:<\/p>\n<p style=\"text-align: left\"><strong>50 z\u0142\/miesi\u0105c\u2013 <\/strong>za jedno dziecko, p\u0142atna do 15 dnia ka\u017cdego miesi\u0105ca<\/p>\n<p style=\"text-align: left\"><strong>40 z\u0142\/miesi\u0105c \u2013 <\/strong>za drugie i ka\u017cde kolejne dziecko, kt\u00f3re aktualnie chodzi do naszego<br \/>\nprzedszkola, p\u0142atna do 15 dnia ka\u017cdego miesi\u0105ca<\/p>\n<p style=\"text-align: left\"><strong>Przy jednorazowej wp\u0142acie za ca\u0142y rok (10 miesi\u0119cy) rabat 5%<\/strong><br \/>\n<strong>W\u00f3wczas prosimy o wp\u0142at\u0119 475 z\u0142 za jedno dziecko + 380 z\u0142 za ka\u017cde kolejne dziecko<\/strong><br \/>\n<strong>(rodze\u0144stwo), do 15 pa\u017adziernika 2025 r.<\/strong><\/p>\n<p style=\"text-align: left\">Op\u0142aty na Rad\u0119 Rodzic\u00f3w mo\u017cna dokonywa\u0107 na rachunek bankowy Rady Rodzic\u00f3w (ten sam jak w ubieg\u0142ych latach) o numerze:<\/p>\n<p style=\"text-align: left\"><strong>85 1090 1522 0000 0001 1832 4173<\/strong><\/p>\n<p>W\u00a0tre\u015bci przelewu nale\u017cy wpisa\u0107:\u00a0<strong>imi\u0119 i\u00a0nazwisko dziecka oraz\u00a0nazw\u0119 grupy<\/strong><\/p>\n<p>&nbsp;<\/p>\n<p><strong><img loading=\"lazy\" decoding=\"async\" class=\"wp-image-998 alignleft\" src=\"https:\/\/przedszkole148.edu.wroclaw.pl\/wp-content\/uploads\/sites\/68\/2023\/09\/2.jpg\" alt=\"\" width=\"326\" height=\"130\" srcset=\"https:\/\/przedszkole148.edu.wroclaw.pl\/wp-content\/uploads\/sites\/68\/2023\/09\/2.jpg 501w, https:\/\/przedszkole148.edu.wroclaw.pl\/wp-content\/uploads\/sites\/68\/2023\/09\/2-300x120.jpg 300w\" sizes=\"auto, (max-width: 326px) 100vw, 326px\" \/><\/strong><\/p>\n<p><strong>WYPRAWKA w roku przedszkolnym 2025\/2026<\/strong><br \/>\nObowi\u0105zkowa op\u0142ata za wyprawk\u0119 dla ka\u017cdego dziecka p\u0142atna na konto RR:<\/p>\n<p><strong>60 z\u0142 \u2013 op\u0142ata jednorazowa, p\u0142atna do 15 pa\u017adziernika 2025<\/strong><br \/>\nW tytule przelewu prosz\u0119 wpisa\u0107: WYPRAWKA, imi\u0119 i nazwisko dziecka, nazwa grupy<\/p>\n<p>&nbsp;<\/p>\n<p><strong><img loading=\"lazy\" decoding=\"async\" class=\"wp-image-2046 alignright\" src=\"https:\/\/przedszkole148.edu.wroclaw.pl\/wp-content\/uploads\/sites\/68\/2025\/09\/33.jpg\" alt=\"\" width=\"223\" height=\"140\" srcset=\"https:\/\/przedszkole148.edu.wroclaw.pl\/wp-content\/uploads\/sites\/68\/2025\/09\/33.jpg 313w, https:\/\/przedszkole148.edu.wroclaw.pl\/wp-content\/uploads\/sites\/68\/2025\/09\/33-300x188.jpg 300w\" sizes=\"auto, (max-width: 223px) 100vw, 223px\" \/>RYTMIKA w roku przedszkolnym 2025\/2026<\/strong><\/p>\n<p>Sk\u0142adka za I semestr zaj\u0119\u0107 z rytmiki wynosi:\u00a0 \u00a0<strong>145,40 z\u0142<\/strong><strong> \u2013 op\u0142ata z I semestr, p\u0142atna do 15 pa\u017adziernika 2025 \u203c\ufe0f<\/strong><\/p>\n<p>W tytule przelewu prosz\u0119 wpisa\u0107: RYTMIKA, imi\u0119 i nazwisko dziecka, nazwa grupy<\/p>\n<p>&nbsp;<\/p>\n<p style=\"text-align: center\">Op\u0142aty na Rad\u0119 Rodzic\u00f3w mo\u017cna dokonywa\u0107 na rachunek bankowy Rady Rodzic\u00f3w (ten sam jak w ubieg\u0142ych latach) o numerze:<\/p>\n<p style=\"text-align: center\"><strong>85 1090 1522 0000 0001 1832 4173<\/strong><\/p>\n<p style=\"text-align: center\">W\u00a0tre\u015bci przelewu nale\u017cy wpisa\u0107:\u00a0<strong>imi\u0119 i\u00a0nazwisko dziecka oraz\u00a0nazw\u0119 grupy<\/strong><\/p>\n<p style=\"text-align: center\"><span style=\"font-size: 14pt\"><span style=\"text-decoration: underline\">Zapraszamy do zapoznania si\u0119 z informacj\u0105 pod linkiem &#8212;&gt;<\/span><em><strong><a href=\"https:\/\/przedszkole148.edu.wroclaw.pl\/wp-content\/uploads\/sites\/68\/2025\/09\/Informacja.pdf\">Informacja<\/a><\/strong><\/em><\/span><\/p>\n<p style=\"text-align: center\">Z\u00a0g\u00f3ry dzi\u0119kujemy za\u00a0dokonanie wp\u0142aty i\u00a0zach\u0119camy Pa\u0144stwa do\u00a0wsp\u00f3\u0142pracy z\u00a0nami na\u00a0rzecz naszego przedszkola. Jeste\u015bmy otwarci na\u00a0wszelkie sugestie i\u00a0inicjatywy.<\/p>\n<p>[\/vc_column_text][\/vc_column][\/vc_row]<\/p>\n<\/div>","protected":false},"excerpt":{"rendered":"<p>[vc_row][vc_column][vc_column_text css=&#8221;&#8221;] Szanowni Pa\u0144stwo, Drodzy Rodzice! SK\u0141ADKA z TYTU\u0141U RADY RODZIC\u00d3W \u00a0w roku szkolnym 2025\/2026 wynosi: 50 z\u0142\/miesi\u0105c\u2013 za jedno dziecko, p\u0142atna do 15 dnia ka\u017cdego miesi\u0105ca 40 z\u0142\/miesi\u0105c \u2013 [&hellip;]<\/p>\n","protected":false},"author":7,"featured_media":0,"parent":0,"menu_order":0,"comment_status":"closed","ping_status":"closed","template":"","meta":{"ngg_post_thumbnail":0,"footnotes":""},"class_list":["post-104","page","type-page","status-publish","hentry","clearfix"],"_links":{"self":[{"href":"https:\/\/przedszkole148.edu.wroclaw.pl\/index.php\/wp-json\/wp\/v2\/pages\/104","targetHints":{"allow":["GET"]}}],"collection":[{"href":"https:\/\/przedszkole148.edu.wroclaw.pl\/index.php\/wp-json\/wp\/v2\/pages"}],"about":[{"href":"https:\/\/przedszkole148.edu.wroclaw.pl\/index.php\/wp-json\/wp\/v2\/types\/page"}],"author":[{"embeddable":true,"href":"https:\/\/przedszkole148.edu.wroclaw.pl\/index.php\/wp-json\/wp\/v2\/users\/7"}],"replies":[{"embeddable":true,"href":"https:\/\/przedszkole148.edu.wroclaw.pl\/index.php\/wp-json\/wp\/v2\/comments?post=104"}],"version-history":[{"count":15,"href":"https:\/\/przedszkole148.edu.wroclaw.pl\/index.php\/wp-json\/wp\/v2\/pages\/104\/revisions"}],"predecessor-version":[{"id":2049,"href":"https:\/\/przedszkole148.edu.wroclaw.pl\/index.php\/wp-json\/wp\/v2\/pages\/104\/revisions\/2049"}],"wp:attachment":[{"href":"https:\/\/przedszkole148.edu.wroclaw.pl\/index.php\/wp-json\/wp\/v2\/media?parent=104"}],"curies":[{"name":"wp","href":"https:\/\/api.w.org\/{rel}","templated":true}]}}